{"id":36,"date":"2026-04-06T22:27:17","date_gmt":"2026-04-06T22:27:17","guid":{"rendered":"https:\/\/hallmarkhitps.com\/?page_id=36"},"modified":"2026-04-11T01:17:06","modified_gmt":"2026-04-11T01:17:06","slug":"programs","status":"publish","type":"page","link":"https:\/\/hallmarkhitps.com\/fr\/programs\/","title":{"rendered":"Programmes"},"content":{"rendered":"<div data-elementor-type=\"wp-page\" data-elementor-id=\"36\" class=\"elementor elementor-36\" data-elementor-post-type=\"page\">\n\t\t\t\t<div class=\"elementor-element elementor-element-1f6e6d4 e-con-full e-flex e-con e-parent\" data-id=\"1f6e6d4\" data-element_type=\"container\" data-e-type=\"container\" data-settings=\"{&quot;background_background&quot;:&quot;classic&quot;}\">\n\t\t<div class=\"elementor-element elementor-element-555b3fd e-con-full e-flex e-con e-child\" data-id=\"555b3fd\" data-element_type=\"container\" data-e-type=\"container\">\n\t\t<div class=\"elementor-element elementor-element-784c2a8 e-con-full e-flex e-con e-child\" data-id=\"784c2a8\" data-element_type=\"container\" data-e-type=\"container\">\n\t\t\t\t<div class=\"elementor-element elementor-element-7c6a534 elementor-widget elementor-widget-heading\" data-id=\"7c6a534\" data-element_type=\"widget\" data-e-type=\"widget\" data-widget_type=\"heading.default\">\n\t\t\t\t\t<h2 class=\"elementor-heading-title elementor-size-default\">Nos programmes acad\u00e9miques<\/h2>\t\t\t\t<\/div>\n\t\t\t\t<\/div>\n\t\t<div class=\"elementor-element elementor-element-c62c1c8 e-con-full e-flex e-con e-child\" data-id=\"c62c1c8\" data-element_type=\"container\" data-e-type=\"container\">\n\t\t\t\t\t\t\t\t<p class=\"e-f5b81fa-a0377f5 e-paragraph-base\" data-interaction-id=\"f5b81fa\"  data-e-type=\"widget\" data-id=\"f5b81fa\">\n\t\t\t\t\t\t\t\tDes dipl\u00f4mes techniques aux ma\u00eetrises \u2014 trouvez le programme qui lancera votre carri\u00e8re. Enseign\u00e9 en bilingue, en anglais et en fran\u00e7ais.\n\t\t\t\t\t<\/p>\n\t\t\t\t<\/div>\n\t\t\t\t<\/div>\n\t\t\t\t<\/div>\n\t\t<div class=\"elementor-element elementor-element-f84b71d e-con-full e-flex e-con e-parent\" data-id=\"f84b71d\" data-element_type=\"container\" data-e-type=\"container\">\n\t\t<div class=\"elementor-element elementor-element-85d3c58 e-con-full e-flex e-con e-child\" data-id=\"85d3c58\" data-element_type=\"container\" data-e-type=\"container\">\n\t\t<div class=\"elementor-element elementor-element-51732ea e-con-full e-flex e-con e-child\" data-id=\"51732ea\" data-element_type=\"container\" data-e-type=\"container\" data-settings=\"{&quot;background_background&quot;:&quot;classic&quot;}\">\n\t\t<div class=\"elementor-element elementor-element-ab9df7d e-con-full e-flex e-con e-child\" data-id=\"ab9df7d\" data-element_type=\"container\" data-e-type=\"container\" data-settings=\"{&quot;background_background&quot;:&quot;classic&quot;}\">\n\t\t\t\t<div class=\"elementor-element elementor-element-fb603c1 elementor-widget elementor-widget-heading\" data-id=\"fb603c1\" data-element_type=\"widget\" data-e-type=\"widget\" data-widget_type=\"heading.default\">\n\t\t\t\t\t<h2 class=\"elementor-heading-title elementor-size-default\">HND (Higher National Diploma)<\/h2>\t\t\t\t<\/div>\n\t\t\t\t<div class=\"elementor-element elementor-element-41615e7 elementor-widget elementor-widget-text-editor\" data-id=\"41615e7\" data-element_type=\"widget\" data-e-type=\"widget\" data-widget_type=\"text-editor.default\">\n\t\t\t\t\t\t\t\t\t<p>Un dipl\u00f4me pratique de 2 ans dans 8 \u00e9coles \u2014 con\u00e7u pour les \u00e9tudiants pr\u00eats \u00e0 int\u00e9grer le march\u00e9 du travail avec des comp\u00e9tences r\u00e9elles et pratiques.\u00a0<\/p>\t\t\t\t\t\t\t\t<\/div>\n\t\t\t\t<div class=\"elementor-element elementor-element-2866104 elementor-align-left elementor-widget elementor-widget-button\" data-id=\"2866104\" data-element_type=\"widget\" data-e-type=\"widget\" data-widget_type=\"button.default\">\n\t\t\t\t\t\t\t\t\t\t<a class=\"elementor-button elementor-button-link elementor-size-sm\" href=\"#\">\n\t\t\t\t\t\t<span class=\"elementor-button-content-wrapper\">\n\t\t\t\t\t\t<span class=\"elementor-button-icon\">\n\t\t\t\t<svg aria-hidden=\"true\" class=\"e-font-icon-svg e-fas-long-arrow-alt-right\" viewbox=\"0 0 448 512\" xmlns=\"http:\/\/www.w3.org\/2000\/svg\"><path d=\"M313.941 216H12c-6.627 0-12 5.373-12 12v56c0 6.627 5.373 12 12 12h301.941v46.059c0 21.382 25.851 32.09 40.971 16.971l86.059-86.059c9.373-9.373 9.373-24.569 0-33.941l-86.059-86.059c-15.119-15.119-40.971-4.411-40.971 16.971V216z\"><\/path><\/svg>\t\t\t<\/span>\n\t\t\t\t\t\t\t\t\t<span class=\"elementor-button-text\">Voir les programmes HND <\/span>\n\t\t\t\t\t<\/span>\n\t\t\t\t\t<\/a>\n\t\t\t\t\t\t\t\t<\/div>\n\t\t\t\t<\/div>\n\t\t\t\t<\/div>\n\t\t<div class=\"elementor-element elementor-element-69b7f69 e-con-full e-flex e-con e-child\" data-id=\"69b7f69\" data-element_type=\"container\" data-e-type=\"container\" data-settings=\"{&quot;background_background&quot;:&quot;classic&quot;}\">\n\t\t<div class=\"elementor-element elementor-element-5007c18 e-con-full e-flex e-con e-child\" data-id=\"5007c18\" data-element_type=\"container\" data-e-type=\"container\" data-settings=\"{&quot;background_background&quot;:&quot;classic&quot;}\">\n\t\t\t\t<div class=\"elementor-element elementor-element-4611dc3 elementor-widget elementor-widget-heading\" data-id=\"4611dc3\" data-element_type=\"widget\" data-e-type=\"widget\" data-widget_type=\"heading.default\">\n\t\t\t\t\t<h2 class=\"elementor-heading-title elementor-size-default\">BTS (Brevet de Technicien Sup\u00e9rieur)<\/h2>\t\t\t\t<\/div>\n\t\t\t\t<div class=\"elementor-element elementor-element-cbae679 elementor-widget elementor-widget-text-editor\" data-id=\"cbae679\" data-element_type=\"widget\" data-e-type=\"widget\" data-widget_type=\"text-editor.default\">\n\t\t\t\t\t\t\t\t\t<p>Un dipl\u00f4me de 2 ans ax\u00e9 sur la ma\u00eetrise technique et professionnelle dans des fili\u00e8res vari\u00e9es.<\/p>\t\t\t\t\t\t\t\t<\/div>\n\t\t\t\t<div class=\"elementor-element elementor-element-b274a4d elementor-align-left elementor-widget elementor-widget-button\" data-id=\"b274a4d\" data-element_type=\"widget\" data-e-type=\"widget\" data-widget_type=\"button.default\">\n\t\t\t\t\t\t\t\t\t\t<a class=\"elementor-button elementor-button-link elementor-size-sm\" href=\"#\">\n\t\t\t\t\t\t<span class=\"elementor-button-content-wrapper\">\n\t\t\t\t\t\t<span class=\"elementor-button-icon\">\n\t\t\t\t<svg aria-hidden=\"true\" class=\"e-font-icon-svg e-fas-long-arrow-alt-right\" viewbox=\"0 0 448 512\" xmlns=\"http:\/\/www.w3.org\/2000\/svg\"><path d=\"M313.941 216H12c-6.627 0-12 5.373-12 12v56c0 6.627 5.373 12 12 12h301.941v46.059c0 21.382 25.851 32.09 40.971 16.971l86.059-86.059c9.373-9.373 9.373-24.569 0-33.941l-86.059-86.059c-15.119-15.119-40.971-4.411-40.971 16.971V216z\"><\/path><\/svg>\t\t\t<\/span>\n\t\t\t\t\t\t\t\t\t<span class=\"elementor-button-text\">Voir les fili\u00e8res BTS<\/span>\n\t\t\t\t\t<\/span>\n\t\t\t\t\t<\/a>\n\t\t\t\t\t\t\t\t<\/div>\n\t\t\t\t<\/div>\n\t\t\t\t<\/div>\n\t\t<div class=\"elementor-element elementor-element-c470cc7 e-con-full e-flex e-con e-child\" data-id=\"c470cc7\" data-element_type=\"container\" data-e-type=\"container\" data-settings=\"{&quot;background_background&quot;:&quot;classic&quot;}\">\n\t\t<div class=\"elementor-element elementor-element-0984e20 e-con-full e-flex e-con e-child\" data-id=\"0984e20\" data-element_type=\"container\" data-e-type=\"container\" data-settings=\"{&quot;background_background&quot;:&quot;classic&quot;}\">\n\t\t\t\t<div class=\"elementor-element elementor-element-bb9b7ed elementor-widget elementor-widget-heading\" data-id=\"bb9b7ed\" data-element_type=\"widget\" data-e-type=\"widget\" data-widget_type=\"heading.default\">\n\t\t\t\t\t<h2 class=\"elementor-heading-title elementor-size-default\">Licence Professionnelle<\/h2>\t\t\t\t<\/div>\n\t\t\t\t<div class=\"elementor-element elementor-element-ffdf744 elementor-widget elementor-widget-text-editor\" data-id=\"ffdf744\" data-element_type=\"widget\" data-e-type=\"widget\" data-widget_type=\"text-editor.default\">\n\t\t\t\t\t\t\t\t\t<p>Un programme de 3 ans qui approfondit vos connaissances acad\u00e9miques et vous pr\u00e9pare au leadership et \u00e0 la sp\u00e9cialisation.\u00a0<\/p>\t\t\t\t\t\t\t\t<\/div>\n\t\t\t\t<div class=\"elementor-element elementor-element-9c55f93 elementor-align-left elementor-widget elementor-widget-button\" data-id=\"9c55f93\" data-element_type=\"widget\" data-e-type=\"widget\" data-widget_type=\"button.default\">\n\t\t\t\t\t\t\t\t\t\t<a class=\"elementor-button elementor-button-link elementor-size-sm\" href=\"#\">\n\t\t\t\t\t\t<span class=\"elementor-button-content-wrapper\">\n\t\t\t\t\t\t<span class=\"elementor-button-icon\">\n\t\t\t\t<svg aria-hidden=\"true\" class=\"e-font-icon-svg e-fas-long-arrow-alt-right\" viewbox=\"0 0 448 512\" xmlns=\"http:\/\/www.w3.org\/2000\/svg\"><path d=\"M313.941 216H12c-6.627 0-12 5.373-12 12v56c0 6.627 5.373 12 12 12h301.941v46.059c0 21.382 25.851 32.09 40.971 16.971l86.059-86.059c9.373-9.373 9.373-24.569 0-33.941l-86.059-86.059c-15.119-15.119-40.971-4.411-40.971 16.971V216z\"><\/path><\/svg>\t\t\t<\/span>\n\t\t\t\t\t\t\t\t\t<span class=\"elementor-button-text\">Voir les programmes de licence<\/span>\n\t\t\t\t\t<\/span>\n\t\t\t\t\t<\/a>\n\t\t\t\t\t\t\t\t<\/div>\n\t\t\t\t<\/div>\n\t\t\t\t<\/div>\n\t\t\t\t<\/div>\n\t\t<div class=\"elementor-element elementor-element-4e94ff0 e-con-full e-flex e-con e-child\" data-id=\"4e94ff0\" data-element_type=\"container\" data-e-type=\"container\">\n\t\t<div class=\"elementor-element elementor-element-2eab0b9 e-con-full e-flex e-con e-child\" data-id=\"2eab0b9\" data-element_type=\"container\" data-e-type=\"container\" data-settings=\"{&quot;background_background&quot;:&quot;classic&quot;}\">\n\t\t<div class=\"elementor-element elementor-element-57f6d4c e-con-full e-flex e-con e-child\" data-id=\"57f6d4c\" data-element_type=\"container\" data-e-type=\"container\" data-settings=\"{&quot;background_background&quot;:&quot;classic&quot;}\">\n\t\t\t\t<div class=\"elementor-element elementor-element-cdd012b elementor-widget elementor-widget-heading\" data-id=\"cdd012b\" data-element_type=\"widget\" data-e-type=\"widget\" data-widget_type=\"heading.default\">\n\t\t\t\t\t<h2 class=\"elementor-heading-title elementor-size-default\">HND (Higher National Diploma)<\/h2>\t\t\t\t<\/div>\n\t\t\t\t<div class=\"elementor-element elementor-element-67e68b2 elementor-widget elementor-widget-text-editor\" data-id=\"67e68b2\" data-element_type=\"widget\" data-e-type=\"widget\" data-widget_type=\"text-editor.default\">\n\t\t\t\t\t\t\t\t\t<p>Un dipl\u00f4me pratique de 2 ans dans 8 \u00e9coles \u2014 con\u00e7u pour les \u00e9tudiants pr\u00eats \u00e0 int\u00e9grer le march\u00e9 du travail avec des comp\u00e9tences r\u00e9elles et pratiques.\u00a0<\/p>\t\t\t\t\t\t\t\t<\/div>\n\t\t\t\t<div class=\"elementor-element elementor-element-3eab2b3 elementor-align-left elementor-widget elementor-widget-button\" data-id=\"3eab2b3\" data-element_type=\"widget\" data-e-type=\"widget\" data-widget_type=\"button.default\">\n\t\t\t\t\t\t\t\t\t\t<a class=\"elementor-button elementor-button-link elementor-size-sm\" href=\"#\">\n\t\t\t\t\t\t<span class=\"elementor-button-content-wrapper\">\n\t\t\t\t\t\t<span class=\"elementor-button-icon\">\n\t\t\t\t<svg aria-hidden=\"true\" class=\"e-font-icon-svg e-fas-long-arrow-alt-right\" viewbox=\"0 0 448 512\" xmlns=\"http:\/\/www.w3.org\/2000\/svg\"><path d=\"M313.941 216H12c-6.627 0-12 5.373-12 12v56c0 6.627 5.373 12 12 12h301.941v46.059c0 21.382 25.851 32.09 40.971 16.971l86.059-86.059c9.373-9.373 9.373-24.569 0-33.941l-86.059-86.059c-15.119-15.119-40.971-4.411-40.971 16.971V216z\"><\/path><\/svg>\t\t\t<\/span>\n\t\t\t\t\t\t\t\t\t<span class=\"elementor-button-text\">Voir les programmes HND <\/span>\n\t\t\t\t\t<\/span>\n\t\t\t\t\t<\/a>\n\t\t\t\t\t\t\t\t<\/div>\n\t\t\t\t<\/div>\n\t\t\t\t<\/div>\n\t\t<div class=\"elementor-element elementor-element-0f602a9 e-con-full e-flex e-con e-child\" data-id=\"0f602a9\" data-element_type=\"container\" data-e-type=\"container\" data-settings=\"{&quot;background_background&quot;:&quot;classic&quot;}\">\n\t\t<div class=\"elementor-element elementor-element-2a3a109 e-con-full e-flex e-con e-child\" data-id=\"2a3a109\" data-element_type=\"container\" data-e-type=\"container\" data-settings=\"{&quot;background_background&quot;:&quot;classic&quot;}\">\n\t\t\t\t<div class=\"elementor-element elementor-element-6d2900d elementor-widget elementor-widget-heading\" data-id=\"6d2900d\" data-element_type=\"widget\" data-e-type=\"widget\" data-widget_type=\"heading.default\">\n\t\t\t\t\t<h2 class=\"elementor-heading-title elementor-size-default\">Bachelor's Degree<\/h2>\t\t\t\t<\/div>\n\t\t\t\t<div class=\"elementor-element elementor-element-243ddbb elementor-widget elementor-widget-text-editor\" data-id=\"243ddbb\" data-element_type=\"widget\" data-e-type=\"widget\" data-widget_type=\"text-editor.default\">\n\t\t\t\t\t\t\t\t\t<p>Un programme complet de 3 ans r\u00e9parti sur 10 \u00e9coles \u2014 alliant th\u00e9orie solide, application professionnelle et pr\u00e9paration \u00e0 la carri\u00e8re.\u00a0<\/p>\t\t\t\t\t\t\t\t<\/div>\n\t\t\t\t<div class=\"elementor-element elementor-element-b20b058 elementor-align-left elementor-widget elementor-widget-button\" data-id=\"b20b058\" data-element_type=\"widget\" data-e-type=\"widget\" data-widget_type=\"button.default\">\n\t\t\t\t\t\t\t\t\t\t<a class=\"elementor-button elementor-button-link elementor-size-sm\" href=\"#\">\n\t\t\t\t\t\t<span class=\"elementor-button-content-wrapper\">\n\t\t\t\t\t\t<span class=\"elementor-button-icon\">\n\t\t\t\t<svg aria-hidden=\"true\" class=\"e-font-icon-svg e-fas-long-arrow-alt-right\" viewbox=\"0 0 448 512\" xmlns=\"http:\/\/www.w3.org\/2000\/svg\"><path d=\"M313.941 216H12c-6.627 0-12 5.373-12 12v56c0 6.627 5.373 12 12 12h301.941v46.059c0 21.382 25.851 32.09 40.971 16.971l86.059-86.059c9.373-9.373 9.373-24.569 0-33.941l-86.059-86.059c-15.119-15.119-40.971-4.411-40.971 16.971V216z\"><\/path><\/svg>\t\t\t<\/span>\n\t\t\t\t\t\t\t\t\t<span class=\"elementor-button-text\">Voir les programmes de licence<\/span>\n\t\t\t\t\t<\/span>\n\t\t\t\t\t<\/a>\n\t\t\t\t\t\t\t\t<\/div>\n\t\t\t\t<\/div>\n\t\t\t\t<\/div>\n\t\t<div class=\"elementor-element elementor-element-2693c30 e-con-full e-flex e-con e-child\" data-id=\"2693c30\" data-element_type=\"container\" data-e-type=\"container\" data-settings=\"{&quot;background_background&quot;:&quot;classic&quot;}\">\n\t\t<div class=\"elementor-element elementor-element-4b76efa e-con-full e-flex e-con e-child\" data-id=\"4b76efa\" data-element_type=\"container\" data-e-type=\"container\" data-settings=\"{&quot;background_background&quot;:&quot;classic&quot;}\">\n\t\t\t\t<div class=\"elementor-element elementor-element-6b9b6b6 elementor-widget elementor-widget-heading\" data-id=\"6b9b6b6\" data-element_type=\"widget\" data-e-type=\"widget\" data-widget_type=\"heading.default\">\n\t\t\t\t\t<h2 class=\"elementor-heading-title elementor-size-default\">Master<\/h2>\t\t\t\t<\/div>\n\t\t\t\t<div class=\"elementor-element elementor-element-b8b8368 elementor-widget elementor-widget-text-editor\" data-id=\"b8b8368\" data-element_type=\"widget\" data-e-type=\"widget\" data-widget_type=\"text-editor.default\">\n\t\t\t\t\t\t\t\t\t<p>Sp\u00e9cialisation avanc\u00e9e de 2 ans pour dipl\u00f4m\u00e9s de troisi\u00e8me cycle pr\u00eats \u00e0 diriger, rechercher et innover dans leur domaine.\u00a0<\/p>\t\t\t\t\t\t\t\t<\/div>\n\t\t\t\t<div class=\"elementor-element elementor-element-e33969a elementor-align-left elementor-widget elementor-widget-button\" data-id=\"e33969a\" data-element_type=\"widget\" data-e-type=\"widget\" data-widget_type=\"button.default\">\n\t\t\t\t\t\t\t\t\t\t<a class=\"elementor-button elementor-button-link elementor-size-sm\" href=\"#\">\n\t\t\t\t\t\t<span class=\"elementor-button-content-wrapper\">\n\t\t\t\t\t\t<span class=\"elementor-button-icon\">\n\t\t\t\t<svg aria-hidden=\"true\" class=\"e-font-icon-svg e-fas-long-arrow-alt-right\" viewbox=\"0 0 448 512\" xmlns=\"http:\/\/www.w3.org\/2000\/svg\"><path d=\"M313.941 216H12c-6.627 0-12 5.373-12 12v56c0 6.627 5.373 12 12 12h301.941v46.059c0 21.382 25.851 32.09 40.971 16.971l86.059-86.059c9.373-9.373 9.373-24.569 0-33.941l-86.059-86.059c-15.119-15.119-40.971-4.411-40.971 16.971V216z\"><\/path><\/svg>\t\t\t<\/span>\n\t\t\t\t\t\t\t\t\t<span class=\"elementor-button-text\">Voir les programmes de ma\u00eetrise<\/span>\n\t\t\t\t\t<\/span>\n\t\t\t\t\t<\/a>\n\t\t\t\t\t\t\t\t<\/div>\n\t\t\t\t<\/div>\n\t\t\t\t<\/div>\n\t\t\t\t<\/div>\n\t\t\t\t<\/div>\n\t\t\t\t<\/div>","protected":false},"excerpt":{"rendered":"<p>Our Academic Programs From technical diplomas to master&#8217;s degrees \u2014 find the programme that launches your career. Taught bilingually in English and French. HND (Higher National Diploma) A 2-year practical diploma across 8 schools \u2014 built for students ready to enter the workforce with real, hands-on skills.\u00a0 View HND Programmes BTS (Brevet de Technicien Sup\u00e9rieur) [&hellip;]<\/p>\n","protected":false},"author":1,"featured_media":0,"parent":0,"menu_order":0,"comment_status":"closed","ping_status":"closed","template":"","meta":{"footnotes":""},"class_list":["post-36","page","type-page","status-publish","hentry"],"yoast_head":"<!-- This site is optimized with the Yoast SEO plugin v27.3 - https:\/\/yoast.com\/product\/yoast-seo-wordpress\/ -->\n<title>Programs - HITPS - Hallmark Higher Institute of Technology and Professional Studies<\/title>\n<meta name=\"robots\" content=\"index, follow, max-snippet:-1, max-image-preview:large, max-video-preview:-1\" \/>\n<link rel=\"canonical\" href=\"https:\/\/hallmarkhitps.com\/fr\/programs\/\" \/>\n<meta property=\"og:locale\" content=\"fr_FR\" \/>\n<meta property=\"og:type\" content=\"article\" \/>\n<meta property=\"og:title\" content=\"Programs - HITPS - Hallmark Higher Institute of Technology and Professional Studies\" \/>\n<meta property=\"og:description\" content=\"Our Academic Programs From technical diplomas to master&#8217;s degrees \u2014 find the programme that launches your career. Taught bilingually in English and French. HND (Higher National Diploma) A 2-year practical diploma across 8 schools \u2014 built for students ready to enter the workforce with real, hands-on skills.\u00a0 View HND Programmes BTS (Brevet de Technicien Sup\u00e9rieur) [&hellip;]\" \/>\n<meta property=\"og:url\" content=\"https:\/\/hallmarkhitps.com\/fr\/programs\/\" \/>\n<meta property=\"og:site_name\" content=\"HITPS - Hallmark Higher Institute of Technology and Professional Studies\" \/>\n<meta property=\"article:modified_time\" content=\"2026-04-11T01:17:06+00:00\" \/>\n<meta name=\"twitter:card\" content=\"summary_large_image\" \/>\n<meta name=\"twitter:label1\" content=\"Dur\u00e9e de lecture estim\u00e9e\" \/>\n\t<meta name=\"twitter:data1\" content=\"1 minute\" \/>\n<script type=\"application\/ld+json\" class=\"yoast-schema-graph\">{\"@context\":\"https:\\\/\\\/schema.org\",\"@graph\":[{\"@type\":\"WebPage\",\"@id\":\"https:\\\/\\\/hallmarkhitps.com\\\/programs\\\/\",\"url\":\"https:\\\/\\\/hallmarkhitps.com\\\/programs\\\/\",\"name\":\"Programs - HITPS - Hallmark Higher Institute of Technology and Professional Studies\",\"isPartOf\":{\"@id\":\"https:\\\/\\\/hallmarkhitps.com\\\/#website\"},\"datePublished\":\"2026-04-06T22:27:17+00:00\",\"dateModified\":\"2026-04-11T01:17:06+00:00\",\"breadcrumb\":{\"@id\":\"https:\\\/\\\/hallmarkhitps.com\\\/programs\\\/#breadcrumb\"},\"inLanguage\":\"fr-FR\",\"potentialAction\":[{\"@type\":\"ReadAction\",\"target\":[\"https:\\\/\\\/hallmarkhitps.com\\\/programs\\\/\"]}]},{\"@type\":\"BreadcrumbList\",\"@id\":\"https:\\\/\\\/hallmarkhitps.com\\\/programs\\\/#breadcrumb\",\"itemListElement\":[{\"@type\":\"ListItem\",\"position\":1,\"name\":\"Home\",\"item\":\"https:\\\/\\\/hallmarkhitps.com\\\/\"},{\"@type\":\"ListItem\",\"position\":2,\"name\":\"Programs\"}]},{\"@type\":\"WebSite\",\"@id\":\"https:\\\/\\\/hallmarkhitps.com\\\/#website\",\"url\":\"https:\\\/\\\/hallmarkhitps.com\\\/\",\"name\":\"HITPS - Hallmark Higher Institute of Technology and Professional Studies\",\"description\":\"Nurturing Innovative Minds\",\"publisher\":{\"@id\":\"https:\\\/\\\/hallmarkhitps.com\\\/#organization\"},\"potentialAction\":[{\"@type\":\"SearchAction\",\"target\":{\"@type\":\"EntryPoint\",\"urlTemplate\":\"https:\\\/\\\/hallmarkhitps.com\\\/?s={search_term_string}\"},\"query-input\":{\"@type\":\"PropertyValueSpecification\",\"valueRequired\":true,\"valueName\":\"search_term_string\"}}],\"inLanguage\":\"fr-FR\"},{\"@type\":\"Organization\",\"@id\":\"https:\\\/\\\/hallmarkhitps.com\\\/#organization\",\"name\":\"HITPS - Hallmark Higher Institute of Technology and Professional Studies\",\"url\":\"https:\\\/\\\/hallmarkhitps.com\\\/\",\"logo\":{\"@type\":\"ImageObject\",\"inLanguage\":\"fr-FR\",\"@id\":\"https:\\\/\\\/hallmarkhitps.com\\\/#\\\/schema\\\/logo\\\/image\\\/\",\"url\":\"https:\\\/\\\/hallmarkhitps.com\\\/wp-content\\\/uploads\\\/2026\\\/04\\\/Favicon-Hallmark-HIPTS.png\",\"contentUrl\":\"https:\\\/\\\/hallmarkhitps.com\\\/wp-content\\\/uploads\\\/2026\\\/04\\\/Favicon-Hallmark-HIPTS.png\",\"width\":1000,\"height\":991,\"caption\":\"HITPS - Hallmark Higher Institute of Technology and Professional Studies\"},\"image\":{\"@id\":\"https:\\\/\\\/hallmarkhitps.com\\\/#\\\/schema\\\/logo\\\/image\\\/\"}}]}<\/script>\n<!-- \/ Yoast SEO plugin. -->","yoast_head_json":{"title":"Programs - HITPS - Hallmark Higher Institute of Technology and Professional Studies","robots":{"index":"index","follow":"follow","max-snippet":"max-snippet:-1","max-image-preview":"max-image-preview:large","max-video-preview":"max-video-preview:-1"},"canonical":"https:\/\/hallmarkhitps.com\/fr\/programs\/","og_locale":"fr_FR","og_type":"article","og_title":"Programs - HITPS - Hallmark Higher Institute of Technology and Professional Studies","og_description":"Our Academic Programs From technical diplomas to master&#8217;s degrees \u2014 find the programme that launches your career. Taught bilingually in English and French. HND (Higher National Diploma) A 2-year practical diploma across 8 schools \u2014 built for students ready to enter the workforce with real, hands-on skills.\u00a0 View HND Programmes BTS (Brevet de Technicien Sup\u00e9rieur) [&hellip;]","og_url":"https:\/\/hallmarkhitps.com\/fr\/programs\/","og_site_name":"HITPS - Hallmark Higher Institute of Technology and Professional Studies","article_modified_time":"2026-04-11T01:17:06+00:00","twitter_card":"summary_large_image","twitter_misc":{"Dur\u00e9e de lecture estim\u00e9e":"1 minute"},"schema":{"@context":"https:\/\/schema.org","@graph":[{"@type":"WebPage","@id":"https:\/\/hallmarkhitps.com\/programs\/","url":"https:\/\/hallmarkhitps.com\/programs\/","name":"Programs - HITPS - Hallmark Higher Institute of Technology and Professional Studies","isPartOf":{"@id":"https:\/\/hallmarkhitps.com\/#website"},"datePublished":"2026-04-06T22:27:17+00:00","dateModified":"2026-04-11T01:17:06+00:00","breadcrumb":{"@id":"https:\/\/hallmarkhitps.com\/programs\/#breadcrumb"},"inLanguage":"fr-FR","potentialAction":[{"@type":"ReadAction","target":["https:\/\/hallmarkhitps.com\/programs\/"]}]},{"@type":"BreadcrumbList","@id":"https:\/\/hallmarkhitps.com\/programs\/#breadcrumb","itemListElement":[{"@type":"ListItem","position":1,"name":"Home","item":"https:\/\/hallmarkhitps.com\/"},{"@type":"ListItem","position":2,"name":"Programs"}]},{"@type":"WebSite","@id":"https:\/\/hallmarkhitps.com\/#website","url":"https:\/\/hallmarkhitps.com\/","name":"INSTITUT SUP\u00c9RIEUR Hallmark DE TECHNOLOGIE ET D'\u00c9TUDES PROFESSIONNELLES","description":"Nourrir les esprits innovants","publisher":{"@id":"https:\/\/hallmarkhitps.com\/#organization"},"potentialAction":[{"@type":"SearchAction","target":{"@type":"EntryPoint","urlTemplate":"https:\/\/hallmarkhitps.com\/?s={search_term_string}"},"query-input":{"@type":"PropertyValueSpecification","valueRequired":true,"valueName":"search_term_string"}}],"inLanguage":"fr-FR"},{"@type":"Organization","@id":"https:\/\/hallmarkhitps.com\/#organization","name":"INSTITUT SUP\u00c9RIEUR Hallmark DE TECHNOLOGIE ET D'\u00c9TUDES PROFESSIONNELLES","url":"https:\/\/hallmarkhitps.com\/","logo":{"@type":"ImageObject","inLanguage":"fr-FR","@id":"https:\/\/hallmarkhitps.com\/#\/schema\/logo\/image\/","url":"https:\/\/hallmarkhitps.com\/wp-content\/uploads\/2026\/04\/Favicon-Hallmark-HIPTS.png","contentUrl":"https:\/\/hallmarkhitps.com\/wp-content\/uploads\/2026\/04\/Favicon-Hallmark-HIPTS.png","width":1000,"height":991,"caption":"HITPS - Hallmark Higher Institute of Technology and Professional Studies"},"image":{"@id":"https:\/\/hallmarkhitps.com\/#\/schema\/logo\/image\/"}}]}},"_links":{"self":[{"href":"https:\/\/hallmarkhitps.com\/fr\/wp-json\/wp\/v2\/pages\/36","targetHints":{"allow":["GET"]}}],"collection":[{"href":"https:\/\/hallmarkhitps.com\/fr\/wp-json\/wp\/v2\/pages"}],"about":[{"href":"https:\/\/hallmarkhitps.com\/fr\/wp-json\/wp\/v2\/types\/page"}],"author":[{"embeddable":true,"href":"https:\/\/hallmarkhitps.com\/fr\/wp-json\/wp\/v2\/users\/1"}],"replies":[{"embeddable":true,"href":"https:\/\/hallmarkhitps.com\/fr\/wp-json\/wp\/v2\/comments?post=36"}],"version-history":[{"count":40,"href":"https:\/\/hallmarkhitps.com\/fr\/wp-json\/wp\/v2\/pages\/36\/revisions"}],"predecessor-version":[{"id":518,"href":"https:\/\/hallmarkhitps.com\/fr\/wp-json\/wp\/v2\/pages\/36\/revisions\/518"}],"wp:attachment":[{"href":"https:\/\/hallmarkhitps.com\/fr\/wp-json\/wp\/v2\/media?parent=36"}],"curies":[{"name":"wp","href":"https:\/\/api.w.org\/{rel}","templated":true}]}}